{"id":1663,"date":"2023-10-04T12:06:02","date_gmt":"2023-10-04T10:06:02","guid":{"rendered":"https:\/\/www.villatrinity.com\/location\/"},"modified":"2024-03-29T08:49:27","modified_gmt":"2024-03-29T07:49:27","slug":"location","status":"publish","type":"page","link":"https:\/\/www.villatrinity.com\/en\/location\/","title":{"rendered":"Location"},"content":{"rendered":"<p>Villa TRINITY is located on the island of Ugljan, in the village of Kali, directly opposite the city of Zadar. The island of Ugljan has the best ferry connection on the Adriatic. In the summer season, there are 18 daily car ferry lines <a href=\"https:\/\/www.jadrolinija.hr\/en\/search-buy-ticket\" target=\"_blank\" rel=\"noopener\">(Zadar Ga\u017eenica &#8211; Preko)<\/a> and 11 boat lines with the pedestrian ferry (Zadar Old Town &#8211; Preko). The island of Ugljan is connected to the neighboring island of Pa\u0161man by a bridge. In Tkon, on the island of Pa\u0161man, lies the second ferry port, which is connected to the town of Biograd.<\/p>\n<p>The island of Ugljan is 22 km long, has a rich flora, a good infrastructure with school, emergency room in Kali, pharmacy, stores, caf\u00e9s, restaurants, gas station, marinas and much more. There are numerous cultural, sporting and entertaining events throughout the summer. Kali is best known for its fishing nights with parades of fishing boats and a big fish festival.<\/p>\n<p>On the island of Ugljan there are many beautiful pebble beaches and some fantastic sandy beaches to discover. Advantages that only an island can offer<\/p>\n<p>The villa is in a quiet location, yet very close to the public beach, caf\u00e9s, restaurants and stores. From the house and from the terraces there is a beautiful panoramic view of the entire city of Zadar, Bibinje and Suko\u0161an on one side and the island of O\u0161ljak, Petr\u010dane, Privlaka, the island of Vir and the open sea on the other. The house is situated on a slope with direct access to the sea via its own private staircase.<\/p>\n\n\n<figure class=\"wp-block-image alignfull size-large\"><img loading=\"lazy\" decoding=\"async\" width=\"1024\" height=\"311\" src=\"https:\/\/www.villatrinity.com\/wp-content\/uploads\/2024\/03\/20210620-Activities-23-von-36-edited-scaled-e1711698207710-2048x621-1-1024x311.jpg\" alt=\"\" class=\"wp-image-1959\" srcset=\"https:\/\/www.villatrinity.com\/wp-content\/uploads\/2024\/03\/20210620-Activities-23-von-36-edited-scaled-e1711698207710-2048x621-1-1024x311.jpg 1024w, https:\/\/www.villatrinity.com\/wp-content\/uploads\/2024\/03\/20210620-Activities-23-von-36-edited-scaled-e1711698207710-2048x621-1-300x91.jpg 300w, https:\/\/www.villatrinity.com\/wp-content\/uploads\/2024\/03\/20210620-Activities-23-von-36-edited-scaled-e1711698207710-2048x621-1-768x233.jpg 768w, https:\/\/www.villatrinity.com\/wp-content\/uploads\/2024\/03\/20210620-Activities-23-von-36-edited-scaled-e1711698207710-2048x621-1-1536x466.jpg 1536w, https:\/\/www.villatrinity.com\/wp-content\/uploads\/2024\/03\/20210620-Activities-23-von-36-edited-scaled-e1711698207710-2048x621-1-1568x475.jpg 1568w, https:\/\/www.villatrinity.com\/wp-content\/uploads\/2024\/03\/20210620-Activities-23-von-36-edited-scaled-e1711698207710-2048x621-1.jpg 2048w\" sizes=\"(max-width: 1024px) 100vw, 1024px\" \/><\/figure>\n","protected":false},"excerpt":{"rendered":"<p>Villa TRINITY is located on the island of Ugljan, in the village of Kali, directly opposite the city of Zadar. The island of Ugljan has the best ferry connection on the Adriatic. In the summer season, there are 18 daily car ferry lines (Zadar Ga\u017eenica &#8211; Preko) and 11 boat lines with the pedestrian ferry&hellip; <a class=\"more-link\" href=\"https:\/\/www.villatrinity.com\/en\/location\/\">Continue reading <span class=\"screen-reader-text\">Location<\/span><\/a><\/p>\n","protected":false},"author":1,"featured_media":0,"parent":0,"menu_order":0,"comment_status":"closed","ping_status":"closed","template":"page-presse.php","meta":{"_acf_changed":false,"footnotes":""},"acf":[],"yoast_head":"<!-- This site is optimized with the Yoast SEO plugin v23.5 - https:\/\/yoast.com\/wordpress\/plugins\/seo\/ -->\n<title>Location - 5 Sterne Ferienvillen Trinity &amp; Infinity<\/title>\n<meta name=\"description\" content=\"Location. The dreamlike and peaceful location of the villas makes them an unforgettable destination right by the sea.\" \/>\n<meta name=\"robots\" content=\"index, follow, max-snippet:-1, max-image-preview:large, max-video-preview:-1\" \/>\n<link rel=\"canonical\" href=\"https:\/\/www.villatrinity.com\/en\/location\/\" \/>\n<meta property=\"og:locale\" content=\"en_US\" \/>\n<meta property=\"og:type\" content=\"article\" \/>\n<meta property=\"og:title\" content=\"Location - 5 Sterne Ferienvillen Trinity &amp; Infinity\" \/>\n<meta property=\"og:description\" content=\"Location. The dreamlike and peaceful location of the villas makes them an unforgettable destination right by the sea.\" \/>\n<meta property=\"og:url\" content=\"https:\/\/www.villatrinity.com\/en\/location\/\" \/>\n<meta property=\"og:site_name\" content=\"5 Sterne Ferienvillen Trinity &amp; Infinity\" \/>\n<meta property=\"article:modified_time\" content=\"2024-03-29T07:49:27+00:00\" \/>\n<meta property=\"og:image\" content=\"https:\/\/www.villatrinity.com\/wp-content\/uploads\/2024\/03\/20210620-Activities-23-von-36-edited-scaled-e1711698207710-2048x621-1-1024x311.jpg\" \/>\n<meta name=\"twitter:card\" content=\"summary_large_image\" \/>\n<meta name=\"twitter:label1\" content=\"Est. reading time\" \/>\n\t<meta name=\"twitter:data1\" content=\"2 minutes\" \/>\n<script type=\"application\/ld+json\" class=\"yoast-schema-graph\">{\"@context\":\"https:\/\/schema.org\",\"@graph\":[{\"@type\":\"WebPage\",\"@id\":\"https:\/\/www.villatrinity.com\/en\/location\/\",\"url\":\"https:\/\/www.villatrinity.com\/en\/location\/\",\"name\":\"Location - 5 Sterne Ferienvillen Trinity &amp; Infinity\",\"isPartOf\":{\"@id\":\"https:\/\/www.villatrinity.com\/en\/#website\"},\"primaryImageOfPage\":{\"@id\":\"https:\/\/www.villatrinity.com\/en\/location\/#primaryimage\"},\"image\":{\"@id\":\"https:\/\/www.villatrinity.com\/en\/location\/#primaryimage\"},\"thumbnailUrl\":\"https:\/\/www.villatrinity.com\/wp-content\/uploads\/2024\/03\/20210620-Activities-23-von-36-edited-scaled-e1711698207710-2048x621-1-1024x311.jpg\",\"datePublished\":\"2023-10-04T10:06:02+00:00\",\"dateModified\":\"2024-03-29T07:49:27+00:00\",\"description\":\"Location. The dreamlike and peaceful location of the villas makes them an unforgettable destination right by the sea.\",\"breadcrumb\":{\"@id\":\"https:\/\/www.villatrinity.com\/en\/location\/#breadcrumb\"},\"inLanguage\":\"en-US\",\"potentialAction\":[{\"@type\":\"ReadAction\",\"target\":[\"https:\/\/www.villatrinity.com\/en\/location\/\"]}]},{\"@type\":\"ImageObject\",\"inLanguage\":\"en-US\",\"@id\":\"https:\/\/www.villatrinity.com\/en\/location\/#primaryimage\",\"url\":\"https:\/\/www.villatrinity.com\/wp-content\/uploads\/2024\/03\/20210620-Activities-23-von-36-edited-scaled-e1711698207710-2048x621-1-1024x311.jpg\",\"contentUrl\":\"https:\/\/www.villatrinity.com\/wp-content\/uploads\/2024\/03\/20210620-Activities-23-von-36-edited-scaled-e1711698207710-2048x621-1-1024x311.jpg\"},{\"@type\":\"BreadcrumbList\",\"@id\":\"https:\/\/www.villatrinity.com\/en\/location\/#breadcrumb\",\"itemListElement\":[{\"@type\":\"ListItem\",\"position\":1,\"name\":\"Startseite\",\"item\":\"https:\/\/www.villatrinity.com\/en\/home\/\"},{\"@type\":\"ListItem\",\"position\":2,\"name\":\"Location\"}]},{\"@type\":\"WebSite\",\"@id\":\"https:\/\/www.villatrinity.com\/en\/#website\",\"url\":\"https:\/\/www.villatrinity.com\/en\/\",\"name\":\"5 Sterne Ferienvillen Trinity &amp; Infinity\",\"description\":\"your homes under the sun\",\"publisher\":{\"@id\":\"https:\/\/www.villatrinity.com\/en\/#organization\"},\"potentialAction\":[{\"@type\":\"SearchAction\",\"target\":{\"@type\":\"EntryPoint\",\"urlTemplate\":\"https:\/\/www.villatrinity.com\/en\/?s={search_term_string}\"},\"query-input\":{\"@type\":\"PropertyValueSpecification\",\"valueRequired\":true,\"valueName\":\"search_term_string\"}}],\"inLanguage\":\"en-US\"},{\"@type\":\"Organization\",\"@id\":\"https:\/\/www.villatrinity.com\/en\/#organization\",\"name\":\"5 Sterne Ferienvillen Trinity &amp; Infinity\",\"url\":\"https:\/\/www.villatrinity.com\/en\/\",\"logo\":{\"@type\":\"ImageObject\",\"inLanguage\":\"en-US\",\"@id\":\"https:\/\/www.villatrinity.com\/en\/#\/schema\/logo\/image\/\",\"url\":\"https:\/\/www.villatrinity.com\/wp-content\/uploads\/2023\/10\/logo.png\",\"contentUrl\":\"https:\/\/www.villatrinity.com\/wp-content\/uploads\/2023\/10\/logo.png\",\"width\":133,\"height\":70,\"caption\":\"5 Sterne Ferienvillen Trinity &amp; Infinity\"},\"image\":{\"@id\":\"https:\/\/www.villatrinity.com\/en\/#\/schema\/logo\/image\/\"}}]}<\/script>\n<!-- \/ Yoast SEO plugin. -->","yoast_head_json":{"title":"Location - 5 Sterne Ferienvillen Trinity &amp; Infinity","description":"Location. The dreamlike and peaceful location of the villas makes them an unforgettable destination right by the sea.","robots":{"index":"index","follow":"follow","max-snippet":"max-snippet:-1","max-image-preview":"max-image-preview:large","max-video-preview":"max-video-preview:-1"},"canonical":"https:\/\/www.villatrinity.com\/en\/location\/","og_locale":"en_US","og_type":"article","og_title":"Location - 5 Sterne Ferienvillen Trinity &amp; Infinity","og_description":"Location. The dreamlike and peaceful location of the villas makes them an unforgettable destination right by the sea.","og_url":"https:\/\/www.villatrinity.com\/en\/location\/","og_site_name":"5 Sterne Ferienvillen Trinity &amp; Infinity","article_modified_time":"2024-03-29T07:49:27+00:00","og_image":[{"url":"https:\/\/www.villatrinity.com\/wp-content\/uploads\/2024\/03\/20210620-Activities-23-von-36-edited-scaled-e1711698207710-2048x621-1-1024x311.jpg"}],"twitter_card":"summary_large_image","twitter_misc":{"Est. reading time":"2 minutes"},"schema":{"@context":"https:\/\/schema.org","@graph":[{"@type":"WebPage","@id":"https:\/\/www.villatrinity.com\/en\/location\/","url":"https:\/\/www.villatrinity.com\/en\/location\/","name":"Location - 5 Sterne Ferienvillen Trinity &amp; Infinity","isPartOf":{"@id":"https:\/\/www.villatrinity.com\/en\/#website"},"primaryImageOfPage":{"@id":"https:\/\/www.villatrinity.com\/en\/location\/#primaryimage"},"image":{"@id":"https:\/\/www.villatrinity.com\/en\/location\/#primaryimage"},"thumbnailUrl":"https:\/\/www.villatrinity.com\/wp-content\/uploads\/2024\/03\/20210620-Activities-23-von-36-edited-scaled-e1711698207710-2048x621-1-1024x311.jpg","datePublished":"2023-10-04T10:06:02+00:00","dateModified":"2024-03-29T07:49:27+00:00","description":"Location. The dreamlike and peaceful location of the villas makes them an unforgettable destination right by the sea.","breadcrumb":{"@id":"https:\/\/www.villatrinity.com\/en\/location\/#breadcrumb"},"inLanguage":"en-US","potentialAction":[{"@type":"ReadAction","target":["https:\/\/www.villatrinity.com\/en\/location\/"]}]},{"@type":"ImageObject","inLanguage":"en-US","@id":"https:\/\/www.villatrinity.com\/en\/location\/#primaryimage","url":"https:\/\/www.villatrinity.com\/wp-content\/uploads\/2024\/03\/20210620-Activities-23-von-36-edited-scaled-e1711698207710-2048x621-1-1024x311.jpg","contentUrl":"https:\/\/www.villatrinity.com\/wp-content\/uploads\/2024\/03\/20210620-Activities-23-von-36-edited-scaled-e1711698207710-2048x621-1-1024x311.jpg"},{"@type":"BreadcrumbList","@id":"https:\/\/www.villatrinity.com\/en\/location\/#breadcrumb","itemListElement":[{"@type":"ListItem","position":1,"name":"Startseite","item":"https:\/\/www.villatrinity.com\/en\/home\/"},{"@type":"ListItem","position":2,"name":"Location"}]},{"@type":"WebSite","@id":"https:\/\/www.villatrinity.com\/en\/#website","url":"https:\/\/www.villatrinity.com\/en\/","name":"5 Sterne Ferienvillen Trinity &amp; Infinity","description":"your homes under the sun","publisher":{"@id":"https:\/\/www.villatrinity.com\/en\/#organization"},"potentialAction":[{"@type":"SearchAction","target":{"@type":"EntryPoint","urlTemplate":"https:\/\/www.villatrinity.com\/en\/?s={search_term_string}"},"query-input":{"@type":"PropertyValueSpecification","valueRequired":true,"valueName":"search_term_string"}}],"inLanguage":"en-US"},{"@type":"Organization","@id":"https:\/\/www.villatrinity.com\/en\/#organization","name":"5 Sterne Ferienvillen Trinity &amp; Infinity","url":"https:\/\/www.villatrinity.com\/en\/","logo":{"@type":"ImageObject","inLanguage":"en-US","@id":"https:\/\/www.villatrinity.com\/en\/#\/schema\/logo\/image\/","url":"https:\/\/www.villatrinity.com\/wp-content\/uploads\/2023\/10\/logo.png","contentUrl":"https:\/\/www.villatrinity.com\/wp-content\/uploads\/2023\/10\/logo.png","width":133,"height":70,"caption":"5 Sterne Ferienvillen Trinity &amp; Infinity"},"image":{"@id":"https:\/\/www.villatrinity.com\/en\/#\/schema\/logo\/image\/"}}]}},"_links":{"self":[{"href":"https:\/\/www.villatrinity.com\/en\/wp-json\/wp\/v2\/pages\/1663"}],"collection":[{"href":"https:\/\/www.villatrinity.com\/en\/wp-json\/wp\/v2\/pages"}],"about":[{"href":"https:\/\/www.villatrinity.com\/en\/wp-json\/wp\/v2\/types\/page"}],"author":[{"embeddable":true,"href":"https:\/\/www.villatrinity.com\/en\/wp-json\/wp\/v2\/users\/1"}],"replies":[{"embeddable":true,"href":"https:\/\/www.villatrinity.com\/en\/wp-json\/wp\/v2\/comments?post=1663"}],"version-history":[{"count":3,"href":"https:\/\/www.villatrinity.com\/en\/wp-json\/wp\/v2\/pages\/1663\/revisions"}],"predecessor-version":[{"id":1961,"href":"https:\/\/www.villatrinity.com\/en\/wp-json\/wp\/v2\/pages\/1663\/revisions\/1961"}],"wp:attachment":[{"href":"https:\/\/www.villatrinity.com\/en\/wp-json\/wp\/v2\/media?parent=1663"}],"curies":[{"name":"wp","href":"https:\/\/api.w.org\/{rel}","templated":true}]}}